{"id":381,"date":"2013-05-12T14:25:34","date_gmt":"2013-05-12T12:25:34","guid":{"rendered":"http:\/\/www.immobilieninsalzburg.at\/?page_id=381"},"modified":"2014-02-12T16:31:28","modified_gmt":"2014-02-12T14:31:28","slug":"bio","status":"publish","type":"page","link":"https:\/\/www.immobilieninsalzburg.at\/?page_id=381","title":{"rendered":"Hellmut Lumpi"},"content":{"rendered":"<p>Mein Beruf ist meine Leidenschaft. Ob 7:00 Uhr morgens oder 10:00 Uhr abends, auf Urlaub \u2013 ich arbeite immer. Wenn ich mit anderen Firmen zusammen arbeite, interessiert es mich, mit wem ich es da zu tun habe. Hier k\u00f6nnen Sie in aller gebotenen K\u00fcrze \u00fcber mich nachlesen:<\/p>\n<p style=\"text-align: center;\"><strong>Beruflich<\/strong><\/p>\n<p>Ich beginne mit meiner Gymnasiumszeit. In den Sommerferien arbeitete ich bei einem lokalen Makler. Ich machte Besichtigungen und lernte den B\u00fcrobetrieb kennen.<\/p>\n<p>Studiert habe ich in Salzburg und dann in Wien Rechtswissenschaften. W\u00e4hrend dieserZeit habe ich abwechselnd bei einem Immobilienb\u00fcro und einem Rechtsanwaltsb\u00fcro gearbeitet. Diese Zeit war f\u00fcr mich wichtig, Einblicke in die Praxis des Wirtschaftslebens in vielen Bereichen zu sammeln.<\/p>\n<p>Nach dem Studium habe ich das Gerichtsjahr am Bezirks- und Landesgericht Salzburg gemacht. Hier ist mir klar geworden, dass rechtliches Wissen bei Liegenschaftstransaktionen und nicht zuletzt bei Vermietungen den entscheidenden Unterschied ausmacht.<\/p>\n<p>Jetzt habe ich gedanklich meinen Berufswunsch \u201e<strong>Immobilientreuh\u00e4nder \u2013 Immobilienkaufmann \u2013 Immobilieninvestor<\/strong>\u201c zu werden, ausgereift. Ich machte mich daran, systematisch (!) Erfahrungen daf\u00fcr zu sammeln und die notwendigen Ausbildungsschritte formell zu durchlaufen:<\/p>\n<p>01\/2006 \u2013 08\/2006\u00a0<strong>protected Group \u2013 Immobilien<\/strong><\/p>\n<p>Res\u00fcmee: Ich denke gerne an diese Anfangszeit zur\u00fcck. Ich habe viele Salzburger Einfamilienh\u00e4user und Wohnungen von innen kennengelernt. Ich habe meine ersten Immobilien selbst\u00e4ndig aufgenommen, beworben und verkauft. Der gesammelte Erfahrungsschatz ist essentiell f\u00fcr die Person, die ich heute bin.<\/p>\n<p>09\/2006 \u2013 09\/2007\u00a0<strong>Fa. Springer Immobilien \u00a0<\/strong><\/p>\n<p>Res\u00fcmee: W\u00e4hrend dieser Zeit habe ich sehr viel formelle Ausbildungsschritte absolviert.\u00a0 Unter anderem habe ich den \u201eImmobilienmaklerassistent\u201c am Wifi gemacht. \u00a0 Mitgenommen habe ich eine riesengro\u00dfe F\u00fclle an Erfahrung im Bereich Vermietung. Viel Erfahrung, f\u00fcr die normalerweise mehrere Jahre notwendig sind.<\/p>\n<p>08\/2007 \u2013 12\/2009 \u00a0<strong>RE\/MAX Topteam<\/strong><\/p>\n<p>Res\u00fcmee: Der gro\u00dfe Sprung. Ich habe diese Zeit geliebt. Als erstes machte ich mich als \u201eEinzelfirma\u201c selbstst\u00e4ndig. Viel Risiken und Chancen gingen damit einher. Ich bereue keine Sekunde. Bei RE\/MAX habe ich alle interne Ausbildungsschritte mitgemacht, das gesammelte Wissen rund um die Immobilienbranche habe ich wie ein Schwamm aufgesogen.<\/p>\n<p>Im November bin ich sogar zur RE\/MAX Convention nach Las Vegas geflogen. Die Funktionsweise des amerikanischen und v.a. kanadischen Marktes stellt f\u00fcr mich das Ideal der Branche dar.<\/p>\n<p>Weiters wichtig: Ich habe w\u00e4hrend dieser Zeit am Schumpeter Institut studiert und damit die Gewerbeberechtigung zur Immobilientreuhandschaft erlangt.<\/p>\n<p>01\/2010 \u2013 06\/2011\u00a0<strong>ERA<\/strong><\/p>\n<p>Res\u00fcmee: Wichtig war f\u00fcr mich, arbeitstechnisch eine h\u00f6here Stufe zu besteigen. Ich gr\u00fcndete die GmbH \u201eLumpi Immobilien Service\u201c und hatte als Franchisenehmer eine Angestellte und Mitarbeiter. Dort habe ich sehr ehrenhafte Kollegen kennen gelernt, mit denen auch jetzt noch sehr gerne zusammenarbeite.<\/p>\n<p>seit 07\/2012 Gr\u00fcndung\u00a0<strong>Lumpi Immobilien Salzburg \u00a0<\/strong><\/p>\n<p>Res\u00fcmee: Mit meiner eigenen LIS vereine ich alle Erfahrungen und Best Practices die ich in den unterschiedlichen Unternehmen gesehen habe.<\/p>\n<p>Nat\u00fcrlich kann ich nicht (mehr) ganz ohne internationale Verbindungen sein, allerdings jetztviel lockerer und nur noch im Sinne von Informationsaustausch (also ohne wirtschaftlicher oder marketingstechnischer Verflechtungen). So bin ich der US \u2013 amerikanischen National Association of Realtors beigetreten.<\/p>\n<p>Ich bei der NAR Konferenz in Los Angeles im November 2011. Dadurch bin ich immer um einen Sprung voraus!<\/p>\n<p style=\"text-align: center;\"><strong>Privat<\/strong><\/p>\n<p>Ich wurde in eine Unternehmerfamilie geboren. Mein Vater begann schon in jungen Jahren mit dem Erwerb, dem Entwickeln, dem Verkauf, der Vermietung, etc von privaten und gewerblichen Immobilien. Heute ist er \u00f6sterreichweit t\u00e4tig und ein wahres Vorbild an Unternehmensgeist.<\/p>\n<p>Meine Mutter kommt aus einer auf Export ausgerichteten Industriellenfamilie, der stahlverarbeitenden Industrie.<\/p>\n<p>Als Kind hatte ich Au Pair M\u00e4dchen aus Gro\u00dfbritannien und Australien, weshalb ich sehr bald die englische Sprache und Kulturraum kennenlernte (vielleicht deshalb RE\/MAX, ERA und NAR\u00a0<img alt=\":-)\" src=\"http:\/\/s0.wp.com\/wp-includes\/images\/smilies\/icon_smile.gif?m=1129645325g\" \/>\u00a0) .<\/p>\n<p>Im M\u00e4rz 2011 habe ich meine Juli geheiratet und bin seit M\u00e4rz 2012 bin ich stolzer Vater meiner Emiliana.<\/p>\n<p>&nbsp;<\/p>\n<p>Ich praktiziere seit 1999 Falun Dafa. Das ist ein buddhistischer Kultivierungsweg, der mich\u00a0tief innerlich gl\u00fccklich und gesund h\u00e4lt. Neben den QiGong \u00dcbungen lehrt Falun Dafa zudem, die traditionell chinesischen Prinzipien Zhen-Shan-Ren (Wahrheit-Mitgef\u00fchl-Toleranz) ins Leben zu integrieren.<\/p>\n","protected":false},"excerpt":{"rendered":"<p>Mein Beruf ist meine Leidenschaft. Ob 7:00 Uhr morgens oder 10:00 Uhr abends, auf Urlaub \u2013 ich arbeite immer. Wenn ich mit anderen Firmen zusammen arbeite, interessiert es mich, mit wem ich es da zu tun habe. Hier k\u00f6nnen Sie in aller gebotenen K\u00fcrze \u00fcber mich nachlesen: Beruflich Ich beginne mit meiner Gymnasiumszeit. In den [&hellip;]<\/p>\n","protected":false},"author":1,"featured_media":0,"parent":0,"menu_order":0,"comment_status":"open","ping_status":"open","template":"","meta":{"ngg_post_thumbnail":0},"_links":{"self":[{"href":"https:\/\/www.immobilieninsalzburg.at\/index.php?rest_route=\/wp\/v2\/pages\/381"}],"collection":[{"href":"https:\/\/www.immobilieninsalzburg.at\/index.php?rest_route=\/wp\/v2\/pages"}],"about":[{"href":"https:\/\/www.immobilieninsalzburg.at\/index.php?rest_route=\/wp\/v2\/types\/page"}],"author":[{"embeddable":true,"href":"https:\/\/www.immobilieninsalzburg.at\/index.php?rest_route=\/wp\/v2\/users\/1"}],"replies":[{"embeddable":true,"href":"https:\/\/www.immobilieninsalzburg.at\/index.php?rest_route=%2Fwp%2Fv2%2Fcomments&post=381"}],"version-history":[{"count":3,"href":"https:\/\/www.immobilieninsalzburg.at\/index.php?rest_route=\/wp\/v2\/pages\/381\/revisions"}],"predecessor-version":[{"id":966,"href":"https:\/\/www.immobilieninsalzburg.at\/index.php?rest_route=\/wp\/v2\/pages\/381\/revisions\/966"}],"wp:attachment":[{"href":"https:\/\/www.immobilieninsalzburg.at\/index.php?rest_route=%2Fwp%2Fv2%2Fmedia&parent=381"}],"curies":[{"name":"wp","href":"https:\/\/api.w.org\/{rel}","templated":true}]}}